{"id":250,"date":"2024-01-22T10:10:18","date_gmt":"2024-01-22T10:10:18","guid":{"rendered":"https:\/\/archiefgrijpskerk.nl\/?page_id=250"},"modified":"2026-02-24T10:43:29","modified_gmt":"2026-02-24T10:43:29","slug":"nieuwsberichten","status":"publish","type":"page","link":"https:\/\/archiefgrijpskerk.nl\/index.php\/nieuwsberichten\/","title":{"rendered":"Nieuwsberichten"},"content":{"rendered":"[et_pb_section fb_built=&#8221;1&#8243; admin_label=&#8221;section&#8221; _builder_version=&#8221;4.27.5&#8243; top_divider_style=&#8221;slant2&#8243; top_divider_color=&#8221;#051354&#8243; hover_enabled=&#8221;0&#8243; global_colors_info=&#8221;{}&#8221; bottom_divider_style=&#8221;slant2&#8243; bottom_divider_color=&#8221;#051354&#8243; sticky_enabled=&#8221;0&#8243;][et_pb_row column_structure=&#8221;1_2,1_2&#8243; _builder_version=&#8221;4.27.4&#8243; _module_preset=&#8221;default&#8221; box_shadow_style=&#8221;preset2&#8243; global_colors_info=&#8221;{}&#8221;][et_pb_column type=&#8221;1_2&#8243; _builder_version=&#8221;4.27.4&#8243; _module_preset=&#8221;default&#8221; global_colors_info=&#8221;{}&#8221;][et_pb_image src=&#8221;https:\/\/archiefgrijpskerk.nl\/wp-content\/uploads\/2026\/01\/20250906_113916-scaled-e1768297890127.jpg&#8221; title_text=&#8221;Watervijzel&#8221; _builder_version=&#8221;4.27.5&#8243; _module_preset=&#8221;default&#8221; box_shadow_style=&#8221;preset2&#8243; global_colors_info=&#8221;{}&#8221;][\/et_pb_image][\/et_pb_column][et_pb_column type=&#8221;1_2&#8243; _builder_version=&#8221;4.27.4&#8243; _module_preset=&#8221;default&#8221; global_colors_info=&#8221;{}&#8221;][et_pb_text _builder_version=&#8221;4.27.4&#8243; _module_preset=&#8221;default&#8221; global_colors_info=&#8221;{}&#8221;]<p><strong>Let Op!<\/strong><\/p>\n<p>Wij zijn in het bezit van een unieke handbedienbare Watervijzel.<\/p>\n<p>Deze werd gebruikt om water weg te pompen bij het graven van een sloot.<\/p>\n<p>Dit object hoort echter niet thuis in ons archief en zou beter ergens anders\u00a0 tot z&#8217;n recht komen.<\/p>\n<p>Als u wellicht belangstelling heeft of u weet iemand die belangstelling heeft, neem dan contact op met: <a href=\"mailto:info@archiefgrijpskerk.nl\">info@archiefgrijpskerk.nl<\/a><\/p>\n<p>De vijzel kan dan gratis worden opgehaald.<\/p>\n<p>&nbsp;<\/p>[\/et_pb_text][\/et_pb_column][\/et_pb_row][et_pb_row _builder_version=&#8221;4.27.5&#8243; _module_preset=&#8221;default&#8221; box_shadow_style=&#8221;preset2&#8243; global_colors_info=&#8221;{}&#8221;][et_pb_column type=&#8221;4_4&#8243; _builder_version=&#8221;4.27.5&#8243; _module_preset=&#8221;default&#8221; global_colors_info=&#8221;{}&#8221;][et_pb_text _builder_version=&#8221;4.27.5&#8243; _module_preset=&#8221;default&#8221; global_colors_info=&#8221;{}&#8221;]<h1><strong>Oproep<\/strong><\/h1>\n<p>Elk jaar organiseren wij een winteravondlezing.<\/p>\n<p>Het wordt echter elk jaar moeilijker om een daarvoor geschikt onderwerp te bedenken.<\/p>\n<p>Wij vragen dan ook hierbij uw hulp om suggesties aan ons te willen doorgeven.<\/p>\n<p>Het onderwerp moet het liefst te maken hebben met historie en cultuur van de omgeving Grijpskerk.<\/p>\n<p>Idee\u00ebn kunt u doorgeven middels een e-mail naar: <a href=\"mailto:info@archiefgrijpskerk.nl\">info@archiefgrijpskerk.nl<\/a><\/p>\n<p>Alvast bedankt voor het meedenken.<\/p>[\/et_pb_text][\/et_pb_column][\/et_pb_row][et_pb_row column_structure=&#8221;1_2,1_2&#8243; _builder_version=&#8221;4.27.2&#8243; _module_preset=&#8221;default&#8221; box_shadow_style=&#8221;preset2&#8243; global_colors_info=&#8221;{}&#8221;][et_pb_column type=&#8221;1_2&#8243; _builder_version=&#8221;4.27.2&#8243; _module_preset=&#8221;default&#8221; global_colors_info=&#8221;{}&#8221;][et_pb_image src=&#8221;https:\/\/archiefgrijpskerk.nl\/wp-content\/uploads\/2022\/11\/Omslag-Update-Boerderijenboek.jpg&#8221; title_text=&#8221;Omslag Update Boerderijenboek&#8221; _builder_version=&#8221;4.27.2&#8243; _module_preset=&#8221;default&#8221; box_shadow_style=&#8221;preset2&#8243; global_colors_info=&#8221;{}&#8221;][\/et_pb_image][\/et_pb_column][et_pb_column type=&#8221;1_2&#8243; _builder_version=&#8221;4.27.2&#8243; _module_preset=&#8221;default&#8221; global_colors_info=&#8221;{}&#8221;][et_pb_text _builder_version=&#8221;4.27.2&#8243; _module_preset=&#8221;default&#8221; global_colors_info=&#8221;{}&#8221;]<p><strong>Update Boerderijenboek Grijpskerk<\/strong><\/p>\n<p><strong>Het boek is nog steeds volop verkrijgbaar bij<\/strong><\/p>\n<p><strong>Hoekstra&#8217;s Drukkerij &amp; Boekhandel, Herestraat 41 Grijpskerk.<\/strong><\/p>[\/et_pb_text][et_pb_text _builder_version=&#8221;4.27.4&#8243; _module_preset=&#8221;default&#8221; global_colors_info=&#8221;{}&#8221;]<p>Met enige regelmaat wordt gevraagd naar het door ons in 2009 uitgegeven Boerderijenboek.<\/p>\n<p>Helaas is dit uitverkocht, maar bij voldoende belangstelling kan dit schitterende 608 pagina&#8217;s grote, full color boek in herdruk worden genomen.<\/p>\n<p>U kunt uw belangstelling kenbaar maken door een e-mail te sturen naar <a href=\"mailto:info@archiefgrijpskerk.nl\">info@archiefgrijpskerk.nl<\/a> en u verplicht zich hiermee tot niets. Inmiddels hebben wij de eerste aanvragen ontvangen.<\/p>\n<p>Wij denken dat bij \u00b1 100 ge\u00efnteresseerden tegen een redelijke prijs \u00e9\u00e9n en ander is te realiseren en houden u regelmatig op de hoogte van de voortgang.<\/p>\n<p>&nbsp;<\/p>[\/et_pb_text][et_pb_image src=&#8221;https:\/\/archiefgrijpskerk.nl\/wp-content\/uploads\/2025\/10\/20251013_105407.heic-scaled.jpg&#8221; title_text=&#8221;Boerderijenboek herdruk&#8221; align=&#8221;center&#8221; _builder_version=&#8221;4.27.4&#8243; _module_preset=&#8221;default&#8221; width=&#8221;52%&#8221; max_width=&#8221;52%&#8221; min_height=&#8221;349px&#8221; height=&#8221;348px&#8221; box_shadow_style=&#8221;preset2&#8243; global_colors_info=&#8221;{}&#8221;][\/et_pb_image][\/et_pb_column][\/et_pb_row][et_pb_row admin_label=&#8221;row&#8221; _builder_version=&#8221;4.16&#8243; background_size=&#8221;initial&#8221; background_position=&#8221;top_left&#8221; background_repeat=&#8221;repeat&#8221; global_colors_info=&#8221;{}&#8221;][et_pb_column type=&#8221;4_4&#8243; _builder_version=&#8221;4.16&#8243; custom_padding=&#8221;|||&#8221; global_colors_info=&#8221;{}&#8221; custom_padding__hover=&#8221;|||&#8221;][et_pb_text admin_label=&#8221;Text&#8221; _builder_version=&#8221;4.27.2&#8243; background_size=&#8221;initial&#8221; background_position=&#8221;top_left&#8221; background_repeat=&#8221;repeat&#8221; box_shadow_style=&#8221;preset2&#8243; global_colors_info=&#8221;{}&#8221;]<p><\/p>\n<p><strong>Inmiddels zijn wij gestart met de voorbereidende werkzaamheden van het voorlopig laatste deel van ons Neringproject<\/strong><\/p>\n<p><\/p>\n<p><strong><\/strong><\/p>\n<p><strong>Dit project gaat over Transport; boderijders en beurtschippers e.d. in de voormalige gemeente Grijpskerk. Mocht u over informatie beschikken zoals foto\u2019s, verhalen etc. dan kunt u hierover contact opnemen via ons email adres <span style=\"font-size: large;\">info@archiefgrijpskerk.nl<\/span><\/strong><\/p>\n<p><span style=\"font-size: large;\"><\/span><\/p>[\/et_pb_text][\/et_pb_column][\/et_pb_row][\/et_pb_section]","protected":false},"excerpt":{"rendered":"<p>Let Op! Wij zijn in het bezit van een unieke handbedienbare Watervijzel. Deze werd gebruikt om water weg te pompen bij het graven van een sloot. Dit object hoort echter niet thuis in ons archief en zou beter ergens anders\u00a0 tot z&#8217;n recht komen. Als u wellicht belangstelling heeft of u weet iemand die belangstelling [&hellip;]<\/p>\n","protected":false},"author":3,"featured_media":0,"parent":0,"menu_order":0,"comment_status":"closed","ping_status":"closed","template":"","meta":{"_et_pb_use_builder":"on","_et_pb_old_content":"<!-- wp:paragraph -->\n<p>Inmiddels zijn wij gestart met de voorbereidende werkzaamheden van het voorlopig laatste deel van ons Neringproject<\/p>\n<!-- \/wp:paragraph -->\n\n<!-- wp:paragraph -->\n<p>Dit project gaat over Transport; boderijders en beurtschippers e.d. in de voormalige gemeente Grijpskerk. Mocht u over informatie beschikken zoals foto\u2019s, verhalen etc. dan kunt u hierover contact opnemen via ons email adres info@archiefgrijpskerk.nl<\/p>\n<!-- \/wp:paragraph -->","_et_gb_content_width":"","footnotes":""},"class_list":["post-250","page","type-page","status-publish","hentry"],"_links":{"self":[{"href":"https:\/\/archiefgrijpskerk.nl\/index.php\/wp-json\/wp\/v2\/pages\/250","targetHints":{"allow":["GET"]}}],"collection":[{"href":"https:\/\/archiefgrijpskerk.nl\/index.php\/wp-json\/wp\/v2\/pages"}],"about":[{"href":"https:\/\/archiefgrijpskerk.nl\/index.php\/wp-json\/wp\/v2\/types\/page"}],"author":[{"embeddable":true,"href":"https:\/\/archiefgrijpskerk.nl\/index.php\/wp-json\/wp\/v2\/users\/3"}],"replies":[{"embeddable":true,"href":"https:\/\/archiefgrijpskerk.nl\/index.php\/wp-json\/wp\/v2\/comments?post=250"}],"version-history":[{"count":20,"href":"https:\/\/archiefgrijpskerk.nl\/index.php\/wp-json\/wp\/v2\/pages\/250\/revisions"}],"predecessor-version":[{"id":1186,"href":"https:\/\/archiefgrijpskerk.nl\/index.php\/wp-json\/wp\/v2\/pages\/250\/revisions\/1186"}],"wp:attachment":[{"href":"https:\/\/archiefgrijpskerk.nl\/index.php\/wp-json\/wp\/v2\/media?parent=250"}],"curies":[{"name":"wp","href":"https:\/\/api.w.org\/{rel}","templated":true}]}}